{"id":1163,"date":"2021-03-18T10:06:04","date_gmt":"2021-03-18T10:06:04","guid":{"rendered":"https:\/\/beeandme.com\/?page_id=1163"},"modified":"2025-10-29T17:20:48","modified_gmt":"2025-10-29T16:20:48","slug":"redevco","status":"publish","type":"page","link":"https:\/\/beeandme.com\/en\/referenzen\/redevco\/","title":{"rendered":"Redevco"},"content":{"rendered":"<div data-elementor-type=\"wp-page\" data-elementor-id=\"1163\" class=\"elementor elementor-1163\" data-elementor-post-type=\"page\">\n\t\t\t\t\t\t<section class=\"elementor-section elementor-top-section elementor-element elementor-element-4568a90 elementor-section-full_width elementor-section-content-middle elementor-section-stretched elementor-reverse-mobile elementor-section-height-default elementor-section-height-default\" data-id=\"4568a90\" data-element_type=\"section\" data-e-type=\"section\" data-settings=\"{&quot;stretch_section&quot;:&quot;section-stretched&quot;,&quot;background_background&quot;:&quot;classic&quot;,&quot;shape_divider_top&quot;:&quot;mountains&quot;,&quot;shape_divider_bottom&quot;:&quot;mountains&quot;}\">\n\t\t\t\t\t\t\t<div class=\"elementor-background-overlay\"><\/div>\n\t\t\t\t\t\t<div class=\"elementor-shape elementor-shape-top\" aria-hidden=\"true\" data-negative=\"false\">\n\t\t\t<svg xmlns=\"http:\/\/www.w3.org\/2000\/svg\" viewbox=\"0 0 1000 100\" preserveaspectratio=\"none\">\n\t<path class=\"elementor-shape-fill\" opacity=\"0.33\" d=\"M473,67.3c-203.9,88.3-263.1-34-320.3,0C66,119.1,0,59.7,0,59.7V0h1000v59.7 c0,0-62.1,26.1-94.9,29.3c-32.8,3.3-62.8-12.3-75.8-22.1C806,49.6,745.3,8.7,694.9,4.7S492.4,59,473,67.3z\"\/>\n\t<path class=\"elementor-shape-fill\" opacity=\"0.66\" d=\"M734,67.3c-45.5,0-77.2-23.2-129.1-39.1c-28.6-8.7-150.3-10.1-254,39.1 s-91.7-34.4-149.2,0C115.7,118.3,0,39.8,0,39.8V0h1000v36.5c0,0-28.2-18.5-92.1-18.5C810.2,18.1,775.7,67.3,734,67.3z\"\/>\n\t<path class=\"elementor-shape-fill\" d=\"M766.1,28.9c-200-57.5-266,65.5-395.1,19.5C242,1.8,242,5.4,184.8,20.6C128,35.8,132.3,44.9,89.9,52.5C28.6,63.7,0,0,0,0 h1000c0,0-9.9,40.9-83.6,48.1S829.6,47,766.1,28.9z\"\/>\n<\/svg>\t\t<\/div>\n\t\t\t\t<div class=\"elementor-shape elementor-shape-bottom\" aria-hidden=\"true\" data-negative=\"false\">\n\t\t\t<svg xmlns=\"http:\/\/www.w3.org\/2000\/svg\" viewbox=\"0 0 1000 100\" preserveaspectratio=\"none\">\n\t<path class=\"elementor-shape-fill\" opacity=\"0.33\" d=\"M473,67.3c-203.9,88.3-263.1-34-320.3,0C66,119.1,0,59.7,0,59.7V0h1000v59.7 c0,0-62.1,26.1-94.9,29.3c-32.8,3.3-62.8-12.3-75.8-22.1C806,49.6,745.3,8.7,694.9,4.7S492.4,59,473,67.3z\"\/>\n\t<path class=\"elementor-shape-fill\" opacity=\"0.66\" d=\"M734,67.3c-45.5,0-77.2-23.2-129.1-39.1c-28.6-8.7-150.3-10.1-254,39.1 s-91.7-34.4-149.2,0C115.7,118.3,0,39.8,0,39.8V0h1000v36.5c0,0-28.2-18.5-92.1-18.5C810.2,18.1,775.7,67.3,734,67.3z\"\/>\n\t<path class=\"elementor-shape-fill\" d=\"M766.1,28.9c-200-57.5-266,65.5-395.1,19.5C242,1.8,242,5.4,184.8,20.6C128,35.8,132.3,44.9,89.9,52.5C28.6,63.7,0,0,0,0 h1000c0,0-9.9,40.9-83.6,48.1S829.6,47,766.1,28.9z\"\/>\n<\/svg>\t\t<\/div>\n\t\t\t\t\t<div class=\"elementor-container elementor-column-gap-no\">\n\t\t\t\t\t<div class=\"elementor-column elementor-col-100 elementor-top-column elementor-element elementor-element-f159a4b\" data-id=\"f159a4b\" data-element_type=\"column\" data-e-type=\"column\">\n\t\t\t<div class=\"elementor-widget-wrap elementor-element-populated\">\n\t\t\t\t\t\t<div class=\"elementor-element elementor-element-26a8dd2 elementor-widget elementor-widget-image\" data-id=\"26a8dd2\" data-element_type=\"widget\" data-e-type=\"widget\" data-widget_type=\"image.default\">\n\t\t\t\t<div class=\"elementor-widget-container\">\n\t\t\t\t\t\t\t\t\t\t\t\t\t\t\t<img fetchpriority=\"high\" decoding=\"async\" width=\"768\" height=\"203\" src=\"https:\/\/beeandme.com\/wp-content\/uploads\/2025\/10\/MARK_logotype_03_gray-768x203.png\" class=\"attachment-medium_large size-medium_large wp-image-2716\" alt=\"\" srcset=\"https:\/\/beeandme.com\/wp-content\/uploads\/2025\/10\/MARK_logotype_03_gray-768x203.png 768w, https:\/\/beeandme.com\/wp-content\/uploads\/2025\/10\/MARK_logotype_03_gray-300x79.png 300w, https:\/\/beeandme.com\/wp-content\/uploads\/2025\/10\/MARK_logotype_03_gray-1024x271.png 1024w, https:\/\/beeandme.com\/wp-content\/uploads\/2025\/10\/MARK_logotype_03_gray-1536x407.png 1536w, https:\/\/beeandme.com\/wp-content\/uploads\/2025\/10\/MARK_logotype_03_gray-2048x543.png 2048w, https:\/\/beeandme.com\/wp-content\/uploads\/2025\/10\/MARK_logotype_03_gray-18x5.png 18w, https:\/\/beeandme.com\/wp-content\/uploads\/2025\/10\/MARK_logotype_03_gray-1000x265.png 1000w, https:\/\/beeandme.com\/wp-content\/uploads\/2025\/10\/MARK_logotype_03_gray-230x61.png 230w, https:\/\/beeandme.com\/wp-content\/uploads\/2025\/10\/MARK_logotype_03_gray-350x93.png 350w, https:\/\/beeandme.com\/wp-content\/uploads\/2025\/10\/MARK_logotype_03_gray-480x127.png 480w\" sizes=\"(max-width: 768px) 100vw, 768px\" \/>\t\t\t\t\t\t\t\t\t\t\t\t\t\t\t<\/div>\n\t\t\t\t<\/div>\n\t\t\t\t<section class=\"elementor-section elementor-inner-section elementor-element elementor-element-4ac656d elementor-section-boxed elementor-section-height-default elementor-section-height-default\" data-id=\"4ac656d\" data-element_type=\"section\" data-e-type=\"section\">\n\t\t\t\t\t\t<div class=\"elementor-container elementor-column-gap-default\">\n\t\t\t\t\t<div class=\"elementor-column elementor-col-100 elementor-inner-column elementor-element elementor-element-14b41d3\" data-id=\"14b41d3\" data-element_type=\"column\" data-e-type=\"column\">\n\t\t\t<div class=\"elementor-widget-wrap elementor-element-populated\">\n\t\t\t\t\t\t<div class=\"elementor-element elementor-element-8dbface elementor-widget elementor-widget-heading\" data-id=\"8dbface\" data-element_type=\"widget\" data-e-type=\"widget\" data-widget_type=\"heading.default\">\n\t\t\t\t<div class=\"elementor-widget-container\">\n\t\t\t\t\t<h2 class=\"elementor-heading-title elementor-size-default\">Unsere Bienen<\/h2>\t\t\t\t<\/div>\n\t\t\t\t<\/div>\n\t\t\t\t<div class=\"elementor-element elementor-element-d811b41 elementor-widget elementor-widget-text-editor\" data-id=\"d811b41\" data-element_type=\"widget\" data-e-type=\"widget\" data-widget_type=\"text-editor.default\">\n\t\t\t\t<div class=\"elementor-widget-container\">\n\t\t\t\t\t\t\t\t\t<p>Vier<strong> Bienenv\u00f6lker sind im Juni 2021 auf das Dach der MAH\u00dc77 eingezogen, um die Bl\u00fcten in der Umgebung zu best\u00e4uben. Damit wollen wir von MARK einen Beitrag zur Biodiversit\u00e4t mitten in der Stadt leisten.<\/strong><\/p><p>Untenstehend sehen Sie die<strong> tagesaktuellen Daten eines der Bienenst\u00f6cke, <\/strong>er ist mit einem<strong> Monitor von BeeAndme <\/strong>ausgestattet.<\/p><p>Neben dem <strong>absoluten<\/strong> <strong>Gewicht<\/strong> in der oberen Leiste kann man auch in der untersten Leiste die <strong>Gewichtsver\u00e4nderunge<\/strong>n zum jeweiligen Vortag \u00fcber die letzten drei Tage (von rechts weg) sehen.\u00a0In der Mittelleiste sieht man von links die <strong>Au\u00dfentemperatur (in der Fr\u00fch)<\/strong>, die <strong>Luftfeuchtigkeit<\/strong>, die <strong>Temperatur im Bienenstock<\/strong> und ein Wettersymbol.<\/p>\t\t\t\t\t\t\t\t<\/div>\n\t\t\t\t<\/div>\n\t\t\t\t<div class=\"elementor-element elementor-element-fddeceb elementor-widget elementor-widget-html\" data-id=\"fddeceb\" data-element_type=\"widget\" data-e-type=\"widget\" data-settings=\"{&quot;_animation&quot;:&quot;none&quot;}\" data-widget_type=\"html.default\">\n\t\t\t\t<div class=\"elementor-widget-container\">\n\t\t\t\t\t<center><img decoding=\"async\" src=\"https:\/\/portal.beeandme.com\/beeandme-portal\/scale\/snippet\/jpeg\/lVdslIX4b1zm81YycAyOUUOI6W4qpcNcJuXG8sKTPvoTtB3VRAKRZtziFqBe\"  height=\"200\" width=\"300\">\n<\/img>\n\n<center>\n <\/center>\t\t\t\t<\/div>\n\t\t\t\t<\/div>\n\t\t\t\t\t<\/div>\n\t\t<\/div>\n\t\t\t\t\t<\/div>\n\t\t<\/section>\n\t\t\t\t<div class=\"elementor-element elementor-element-7cd195a elementor-widget elementor-widget-image\" data-id=\"7cd195a\" data-element_type=\"widget\" data-e-type=\"widget\" data-widget_type=\"image.default\">\n\t\t\t\t<div class=\"elementor-widget-container\">\n\t\t\t\t\t\t\t\t\t\t\t\t\t\t\t<img decoding=\"async\" width=\"768\" height=\"1366\" src=\"https:\/\/beeandme.com\/wp-content\/uploads\/2022\/04\/20210624_074407-768x1366.jpg\" class=\"attachment-medium_large size-medium_large wp-image-1783\" alt=\"\" srcset=\"https:\/\/beeandme.com\/wp-content\/uploads\/2022\/04\/20210624_074407-768x1366.jpg 768w, https:\/\/beeandme.com\/wp-content\/uploads\/2022\/04\/20210624_074407-169x300.jpg 169w, https:\/\/beeandme.com\/wp-content\/uploads\/2022\/04\/20210624_074407-576x1024.jpg 576w, https:\/\/beeandme.com\/wp-content\/uploads\/2022\/04\/20210624_074407-863x1536.jpg 863w, https:\/\/beeandme.com\/wp-content\/uploads\/2022\/04\/20210624_074407-1151x2048.jpg 1151w, https:\/\/beeandme.com\/wp-content\/uploads\/2022\/04\/20210624_074407-7x12.jpg 7w, https:\/\/beeandme.com\/wp-content\/uploads\/2022\/04\/20210624_074407-920x1637.jpg 920w, https:\/\/beeandme.com\/wp-content\/uploads\/2022\/04\/20210624_074407-230x409.jpg 230w, https:\/\/beeandme.com\/wp-content\/uploads\/2022\/04\/20210624_074407-350x623.jpg 350w, https:\/\/beeandme.com\/wp-content\/uploads\/2022\/04\/20210624_074407-480x854.jpg 480w, https:\/\/beeandme.com\/wp-content\/uploads\/2022\/04\/20210624_074407-scaled.jpg 1439w\" sizes=\"(max-width: 768px) 100vw, 768px\" \/>\t\t\t\t\t\t\t\t\t\t\t\t\t\t\t<\/div>\n\t\t\t\t<\/div>\n\t\t<div class=\"elementor-element elementor-element-42fcd04 e-flex e-con-boxed e-con e-parent\" data-id=\"42fcd04\" data-element_type=\"container\" data-e-type=\"container\">\n\t\t\t\t\t<div class=\"e-con-inner\">\n\t\t\t\t<div class=\"elementor-element elementor-element-5653a0a elementor-widget elementor-widget-text-editor\" data-id=\"5653a0a\" data-element_type=\"widget\" data-e-type=\"widget\" data-widget_type=\"text-editor.default\">\n\t\t\t\t<div class=\"elementor-widget-container\">\n\t\t\t\t\t\t\t\t\t<h4><strong>Wenn Sie mehr \u00fcber die Nachhaltigkeitsprogramme von MARK wissen m\u00f6chten, lesen Sie hier\u00a0<\/strong><\/h4><p><blockquote class=\"wp-embedded-content\" data-secret=\"rxn5BbHHoZ\"><a href=\"https:\/\/thisismark.com\/impact\/\">Impact<\/a><\/blockquote><iframe class=\"wp-embedded-content\" sandbox=\"allow-scripts\" security=\"restricted\" style=\"position: absolute; visibility: hidden;\" title=\"&#8220;Impact&#8221; &#8212; MARK\" src=\"https:\/\/thisismark.com\/impact\/embed\/#?secret=APXNbt9G6H#?secret=rxn5BbHHoZ\" data-secret=\"rxn5BbHHoZ\" width=\"600\" height=\"338\" frameborder=\"0\" marginwidth=\"0\" marginheight=\"0\" scrolling=\"no\"><\/iframe><\/p><p>Wenn Sie mehr \u00fcber den Jahreskreislauf der Bienen lesen m\u00f6chten; lesen Sie bitte hier weiter:<\/p><p>Der\u00a0Jahresablauf der Bienenv\u00f6lker\u00a0entwickelt sich zyklisch im Lauf der Jahreszeiten. Im Fr\u00fchjahr wird das Bienenvolk, der \u201eBien\u201c immer gr\u00f6\u00dfer, bis um die Sommersonnenwende die gr\u00f6\u00dfte Anzahl von Bienen im Stock haust. Anschlie\u00dfend verkleinert sich das Volk wieder, bis im Winter Ruhe einkehrt. Der Jahreszyklus der Bienen ist im Wesentlichen von zwei Faktoren abh\u00e4ngig: vom Futterangebot in der Umgebung und von den klimatischen Bedingungen.<\/p><p><strong>\u00a0<\/strong><strong>Fr\u00fchling (M\u00e4rz bis Juni)<\/strong><\/p><p>Sobald die Au\u00dfentemperaturen die 10 Grad erreicht haben, beginnen die Bienen mit Ihren Reinigungsfl\u00fcgen. Dabei wird die Kotblase gereinigt, da sie w\u00e4hrend der Winterruhe nicht geleert wurde. Zus\u00e4tzlich nutzen die Bienen den Reinigungsflug f\u00fcr Erkundungsfl\u00fcge. Die ersten mutigen Flugbienen besuchen die Haselstr\u00e4ucher oder ein paar Krokusse, um Pollen f\u00fcr die junge Brut nach Hause zu bringen. Doch erst wenn die Weiden- und die Obstbl\u00fcte einsetzen und mit ihr der Nektarreichtum beginnt das Volk zu explodieren.<\/p><p>Ab April machen sich die Bienen vermehrt auf die Suche nach Futterquellen. Pollen und Nektar gibt es nun im \u00dcberfluss und dienen als Nahrung der K\u00f6nigin, da sie Energie f\u00fcr die Eiablage ben\u00f6tigt. Um f\u00fcr den Winter ausreichend Vorr\u00e4te zu haben, wird nochmals die Brutaktivit\u00e4t erh\u00f6ht, um mehr Jungbienen gro\u00dfziehen zu k\u00f6nnen.<\/p><p><strong>Sommer (Juli bis September)<\/strong><\/p><p>Durch das gro\u00dfe Bl\u00fctenangebot im Sommer entwickelt sich das Bienenvolk rasant. Grund daf\u00fcr ist die hohe Legeleistung der Bienenk\u00f6nigin. Am Tag legt sie bis zu 1500 Eier. Nach dem Monat Juli endet das Bienenjahr und das Brutnest, welches zur Schwarmzeit durch die hohe Legeleistung der K\u00f6nigin stark angewachsen ist, wird jetzt wieder kleiner. Ab August beginnen die Bienen sich auf die kalte Jahreszeit vorzubereiten, indem sie ihre Wachsproduktion einstellen, die letzten Pollen sammeln und kleine \u00d6ffnungen, Spalten und Ritzen des Bienenstocks mittels Bienenharz abdichten. Die Sammelbienen holen jetzt mehr und mehr Nektar ein, den die Stockbienen zu Honig verarbeiten. Er ist der Vorrat f\u00fcr die kalte Jahreszeit, den die Bienen eintragen m\u00fcssen. Denn bald bl\u00fcht nichts mehr, und wer jetzt nicht vorsorgt, wird \u00fcber den Winter verhungern. Ab September legt die K\u00f6nigin Eier, aus denen die erste Winterbienen schl\u00fcpfen. Sie leben sehr viel l\u00e4nger als ihre Sommerkolleginnen, denn sie m\u00fcssen den ganzen Winter \u00fcber den Bien warmhalten.<\/p><p><strong>Herbst (Oktober und November)<\/strong><\/p><p>Ab Oktober kehrt langsam ruhe ein, da es f\u00fcr die Bienen zu kalt wird. Wenn es die Temperaturen zulassen, sind die Flugbienen hin und wieder au\u00dferhalb der Behausung unterwegs und sammeln den letzten Nektar ein. Auch in k\u00e4lteren N\u00e4chten m\u00fcssen die Arbeiterinnen ihr verbleibendes Brutnest auf 35 Grad halten, um aus dieser Brut die letzten Winterbienen zu bekommen, die jetzt das Volk und vor allem die K\u00f6nigin \u00fcber den kommenden Winter bringen sollen.<\/p><p><strong>Winter (Dezember bis Februar)<\/strong><\/p><p>Jetzt wird es richtig kalt. Alle rund 10.000 Bienen sitzen jetzt in der\u00a0Wintertraube\u00a0und w\u00e4rmen sich gegenseitig. \u00dcber mehrere Waben bilden sie eine mehr oder weniger eng gepackte Kugel und zittern mit der Flugmuskulatur. Dadurch erzeugen sie die n\u00f6tigen 35 Grad und sch\u00fctzen so die letzte Brut. Dabei rotieren sie innerhalb der Traube, damit sie abwechselnd au\u00dfen sitzen und sich dann weiter innen wieder aufw\u00e4rmen k\u00f6nnen und in der Mitte sitzt die K\u00f6nigin Das Volk bem\u00fcht sich, so wenig Energie wie m\u00f6glich zu verbrauchen und ihre\u00a0Honigvorr\u00e4te\u00a0zu schonen.<\/p>\t\t\t\t\t\t\t\t<\/div>\n\t\t\t\t<\/div>\n\t\t\t\t\t<\/div>\n\t\t\t\t<\/div>\n\t\t\t\t\t<\/div>\n\t\t<\/div>\n\t\t\t\t\t<\/div>\n\t\t<\/section>\n\t\t\t\t<\/div>","protected":false},"excerpt":{"rendered":"<p>Unsere Bienen Vier Bienenv\u00f6lker sind im Juni 2021 auf das Dach der MAH\u00dc77 eingezogen, um die Bl\u00fcten in der Umgebung zu best\u00e4uben. [&hellip;]<\/p>","protected":false},"author":1,"featured_media":677,"parent":509,"menu_order":0,"comment_status":"closed","ping_status":"closed","template":"elementor_header_footer","meta":{"footnotes":""},"class_list":["post-1163","page","type-page","status-publish","has-post-thumbnail","hentry"],"_links":{"self":[{"href":"https:\/\/beeandme.com\/en\/wp-json\/wp\/v2\/pages\/1163","targetHints":{"allow":["GET"]}}],"collection":[{"href":"https:\/\/beeandme.com\/en\/wp-json\/wp\/v2\/pages"}],"about":[{"href":"https:\/\/beeandme.com\/en\/wp-json\/wp\/v2\/types\/page"}],"author":[{"embeddable":true,"href":"https:\/\/beeandme.com\/en\/wp-json\/wp\/v2\/users\/1"}],"replies":[{"embeddable":true,"href":"https:\/\/beeandme.com\/en\/wp-json\/wp\/v2\/comments?post=1163"}],"version-history":[{"count":104,"href":"https:\/\/beeandme.com\/en\/wp-json\/wp\/v2\/pages\/1163\/revisions"}],"predecessor-version":[{"id":2722,"href":"https:\/\/beeandme.com\/en\/wp-json\/wp\/v2\/pages\/1163\/revisions\/2722"}],"up":[{"embeddable":true,"href":"https:\/\/beeandme.com\/en\/wp-json\/wp\/v2\/pages\/509"}],"wp:featuredmedia":[{"embeddable":true,"href":"https:\/\/beeandme.com\/en\/wp-json\/wp\/v2\/media\/677"}],"wp:attachment":[{"href":"https:\/\/beeandme.com\/en\/wp-json\/wp\/v2\/media?parent=1163"}],"curies":[{"name":"wp","href":"https:\/\/api.w.org\/{rel}","templated":true}]}}