{"id":64,"date":"2020-09-16T11:56:44","date_gmt":"2020-09-16T11:56:44","guid":{"rendered":"http:\/\/s842930577.online.de\/?page_id=64"},"modified":"2022-10-26T16:59:36","modified_gmt":"2022-10-26T16:59:36","slug":"ueber-uns","status":"publish","type":"page","link":"https:\/\/beeandme.com\/en\/ueber-uns\/","title":{"rendered":"About us"},"content":{"rendered":"<div data-elementor-type=\"wp-page\" data-elementor-id=\"64\" class=\"elementor elementor-64\" data-elementor-post-type=\"page\">\n\t\t\t\t\t\t<section class=\"elementor-section elementor-top-section elementor-element elementor-element-7843b57 elementor-section-full_width elementor-section-stretched elementor-section-height-default elementor-section-height-default\" data-id=\"7843b57\" data-element_type=\"section\" data-e-type=\"section\" data-settings=\"{&quot;background_background&quot;:&quot;gradient&quot;,&quot;stretch_section&quot;:&quot;section-stretched&quot;}\">\n\t\t\t\t\t\t<div class=\"elementor-container elementor-column-gap-default\">\n\t\t\t\t\t<div class=\"elementor-column elementor-col-100 elementor-top-column elementor-element elementor-element-fddbad9\" data-id=\"fddbad9\" data-element_type=\"column\" data-e-type=\"column\">\n\t\t\t<div class=\"elementor-widget-wrap\">\n\t\t\t\t\t\t\t<\/div>\n\t\t<\/div>\n\t\t\t\t\t<\/div>\n\t\t<\/section>\n\t\t\t\t<section class=\"elementor-section elementor-top-section elementor-element elementor-element-0eded07 elementor-section-content-middle elementor-section-stretched elementor-reverse-mobile elementor-section-boxed elementor-section-height-default elementor-section-height-default\" data-id=\"0eded07\" data-element_type=\"section\" data-e-type=\"section\" data-settings=\"{&quot;stretch_section&quot;:&quot;section-stretched&quot;,&quot;background_background&quot;:&quot;classic&quot;,&quot;shape_divider_top&quot;:&quot;mountains&quot;,&quot;shape_divider_bottom&quot;:&quot;mountains&quot;}\">\n\t\t\t\t\t\t\t<div class=\"elementor-background-overlay\"><\/div>\n\t\t\t\t\t\t<div class=\"elementor-shape elementor-shape-top\" aria-hidden=\"true\" data-negative=\"false\">\n\t\t\t<svg xmlns=\"http:\/\/www.w3.org\/2000\/svg\" viewbox=\"0 0 1000 100\" preserveaspectratio=\"none\">\n\t<path class=\"elementor-shape-fill\" opacity=\"0.33\" d=\"M473,67.3c-203.9,88.3-263.1-34-320.3,0C66,119.1,0,59.7,0,59.7V0h1000v59.7 c0,0-62.1,26.1-94.9,29.3c-32.8,3.3-62.8-12.3-75.8-22.1C806,49.6,745.3,8.7,694.9,4.7S492.4,59,473,67.3z\"\/>\n\t<path class=\"elementor-shape-fill\" opacity=\"0.66\" d=\"M734,67.3c-45.5,0-77.2-23.2-129.1-39.1c-28.6-8.7-150.3-10.1-254,39.1 s-91.7-34.4-149.2,0C115.7,118.3,0,39.8,0,39.8V0h1000v36.5c0,0-28.2-18.5-92.1-18.5C810.2,18.1,775.7,67.3,734,67.3z\"\/>\n\t<path class=\"elementor-shape-fill\" d=\"M766.1,28.9c-200-57.5-266,65.5-395.1,19.5C242,1.8,242,5.4,184.8,20.6C128,35.8,132.3,44.9,89.9,52.5C28.6,63.7,0,0,0,0 h1000c0,0-9.9,40.9-83.6,48.1S829.6,47,766.1,28.9z\"\/>\n<\/svg>\t\t<\/div>\n\t\t\t\t<div class=\"elementor-shape elementor-shape-bottom\" aria-hidden=\"true\" data-negative=\"false\">\n\t\t\t<svg xmlns=\"http:\/\/www.w3.org\/2000\/svg\" viewbox=\"0 0 1000 100\" preserveaspectratio=\"none\">\n\t<path class=\"elementor-shape-fill\" opacity=\"0.33\" d=\"M473,67.3c-203.9,88.3-263.1-34-320.3,0C66,119.1,0,59.7,0,59.7V0h1000v59.7 c0,0-62.1,26.1-94.9,29.3c-32.8,3.3-62.8-12.3-75.8-22.1C806,49.6,745.3,8.7,694.9,4.7S492.4,59,473,67.3z\"\/>\n\t<path class=\"elementor-shape-fill\" opacity=\"0.66\" d=\"M734,67.3c-45.5,0-77.2-23.2-129.1-39.1c-28.6-8.7-150.3-10.1-254,39.1 s-91.7-34.4-149.2,0C115.7,118.3,0,39.8,0,39.8V0h1000v36.5c0,0-28.2-18.5-92.1-18.5C810.2,18.1,775.7,67.3,734,67.3z\"\/>\n\t<path class=\"elementor-shape-fill\" d=\"M766.1,28.9c-200-57.5-266,65.5-395.1,19.5C242,1.8,242,5.4,184.8,20.6C128,35.8,132.3,44.9,89.9,52.5C28.6,63.7,0,0,0,0 h1000c0,0-9.9,40.9-83.6,48.1S829.6,47,766.1,28.9z\"\/>\n<\/svg>\t\t<\/div>\n\t\t\t\t\t<div class=\"elementor-container elementor-column-gap-no\">\n\t\t\t\t\t<div class=\"elementor-column elementor-col-100 elementor-top-column elementor-element elementor-element-fc71b80\" data-id=\"fc71b80\" data-element_type=\"column\" data-e-type=\"column\">\n\t\t\t<div class=\"elementor-widget-wrap elementor-element-populated\">\n\t\t\t\t\t\t<section class=\"elementor-section elementor-inner-section elementor-element elementor-element-2a4c93c elementor-section-boxed elementor-section-height-default elementor-section-height-default\" data-id=\"2a4c93c\" data-element_type=\"section\" data-e-type=\"section\">\n\t\t\t\t\t\t<div class=\"elementor-container elementor-column-gap-default\">\n\t\t\t\t\t<div class=\"elementor-column elementor-col-50 elementor-inner-column elementor-element elementor-element-5788afb\" data-id=\"5788afb\" data-element_type=\"column\" data-e-type=\"column\">\n\t\t\t<div class=\"elementor-widget-wrap elementor-element-populated\">\n\t\t\t\t\t\t<div class=\"elementor-element elementor-element-fae82c1 elementor-widget elementor-widget-text-editor\" data-id=\"fae82c1\" data-element_type=\"widget\" data-e-type=\"widget\" data-widget_type=\"text-editor.default\">\n\t\t\t\t<div class=\"elementor-widget-container\">\n\t\t\t\t\t\t\t\t\t<div class=\"elementor-element elementor-element-1ecdd59 elementor-widget elementor-widget-text-editor\" data-id=\"1ecdd59\" data-element_type=\"widget\" data-widget_type=\"text-editor.default\"><div class=\"elementor-widget-container\"><div class=\"elementor-text-editor elementor-clearfix\"><p><b>What is BeeAndme?<\/b><\/p><p>The founding story of BeeAndme starts 2017 with a student of Electrical Engineering in Montenegro wanting to help her Grandpa. Her Grandpa is beekeeper for years and has the privilege of having his beehives in the honey season in the wild and untouched area of a National Park in Montenegro.<\/p><p>While this brings a special quality to the honey his millions of little helpers are collecting, the location also represents a challenge in terms of travel distance on a regular basis for the older man. Because it is mandatory that a beekeeper needs to regularly check on the wellbeing and the progress of honey collection of his bee population.<\/p><p>As \u201cGrandpa\u201d grows older, the travel distance becomes more and more of a burden and the young student, on her way to become a data scientist, asks her fellow student to help her create a technological device to monitor with sensors the key data of the bees from the distance and to transfer them to the (non smart-)phone of Grandpa.<\/p><p>This was the founding moment of BeeAndme, with the vision of not only helping Grandpa but many other beekeepers to implement precise beekeeping with technological support. <\/p><\/div><\/div><\/div><div class=\"elementor-element elementor-element-6df9a72 elementor-column elementor-col-50 elementor-inner-column\" data-id=\"6df9a72\" data-element_type=\"column\"><div class=\"elementor-column-wrap elementor-element-populated\"><div class=\"elementor-widget-wrap\"><div class=\"elementor-element elementor-element-f6e610b elementor-widget elementor-widget-text-editor\" data-id=\"f6e610b\" data-element_type=\"widget\" data-widget_type=\"text-editor.default\"><div class=\"elementor-widget-container\"><div class=\"elementor-text-editor elementor-clearfix\">\u00a0<\/div><\/div><\/div><\/div><\/div><\/div>\t\t\t\t\t\t\t\t<\/div>\n\t\t\t\t<\/div>\n\t\t\t\t\t<\/div>\n\t\t<\/div>\n\t\t\t\t<div class=\"elementor-column elementor-col-50 elementor-inner-column elementor-element elementor-element-8d71640\" data-id=\"8d71640\" data-element_type=\"column\" data-e-type=\"column\">\n\t\t\t<div class=\"elementor-widget-wrap elementor-element-populated\">\n\t\t\t\t\t\t<div class=\"elementor-element elementor-element-b042079 elementor-widget elementor-widget-image\" data-id=\"b042079\" data-element_type=\"widget\" data-e-type=\"widget\" data-widget_type=\"image.default\">\n\t\t\t\t<div class=\"elementor-widget-container\">\n\t\t\t\t\t\t\t\t\t\t\t\t\t\t\t<img fetchpriority=\"high\" decoding=\"async\" width=\"954\" height=\"1024\" src=\"https:\/\/beeandme.com\/wp-content\/uploads\/2021\/02\/Biene-steht-mit-verschraenkten-Armen-da-954x1024.png\" class=\"attachment-large size-large wp-image-679\" alt=\"\" srcset=\"https:\/\/beeandme.com\/wp-content\/uploads\/2021\/02\/Biene-steht-mit-verschraenkten-Armen-da-954x1024.png 954w, https:\/\/beeandme.com\/wp-content\/uploads\/2021\/02\/Biene-steht-mit-verschraenkten-Armen-da-279x300.png 279w, https:\/\/beeandme.com\/wp-content\/uploads\/2021\/02\/Biene-steht-mit-verschraenkten-Armen-da-768x824.png 768w, https:\/\/beeandme.com\/wp-content\/uploads\/2021\/02\/Biene-steht-mit-verschraenkten-Armen-da-1431x1536.png 1431w, https:\/\/beeandme.com\/wp-content\/uploads\/2021\/02\/Biene-steht-mit-verschraenkten-Armen-da-1908x2048.png 1908w, https:\/\/beeandme.com\/wp-content\/uploads\/2021\/02\/Biene-steht-mit-verschraenkten-Armen-da-830x891.png 830w, https:\/\/beeandme.com\/wp-content\/uploads\/2021\/02\/Biene-steht-mit-verschraenkten-Armen-da-230x247.png 230w, https:\/\/beeandme.com\/wp-content\/uploads\/2021\/02\/Biene-steht-mit-verschraenkten-Armen-da-350x376.png 350w, https:\/\/beeandme.com\/wp-content\/uploads\/2021\/02\/Biene-steht-mit-verschraenkten-Armen-da-480x515.png 480w\" sizes=\"(max-width: 954px) 100vw, 954px\" \/>\t\t\t\t\t\t\t\t\t\t\t\t\t\t\t<\/div>\n\t\t\t\t<\/div>\n\t\t\t\t\t<\/div>\n\t\t<\/div>\n\t\t\t\t\t<\/div>\n\t\t<\/section>\n\t\t\t\t<div class=\"elementor-element elementor-element-69d852a elementor-widget elementor-widget-text-editor\" data-id=\"69d852a\" data-element_type=\"widget\" data-e-type=\"widget\" data-widget_type=\"text-editor.default\">\n\t\t\t\t<div class=\"elementor-widget-container\">\n\t\t\t\t\t\t\t\t\t<p><b>Where do we currently stand?<\/b><\/p><p>Like in every good story, we have a happy ending on the personal and emotional side: the two students got married and decided to redirect their interests more into the academic fields. This is why we have decided to step in and bring the student\u2019s vision to life.<\/p><p>BeeAndme is not student project anymore except of the emotional spirit which we will keep in our hearts. Already supporting BeeAndme from the early steps of testing and learning, we have decided to invest time, a lot more money and technology to make BeeAndme a cutting-edge product in terms of the stability and simplicity.<\/p><p>F\u00fcr jeden Imker ist es wichtig, zuverl\u00e4ssige Daten \u00fcber seine Bienenst\u00f6cke zu erhalten, unabh\u00e4ngig davon, wo sie sich befinden. Sie brauchen nicht an die komplexen technischen Dinge wie die Kalibrierung der Sensoren, Mobilfunkvertr\u00e4ge oder die Konfiguration zu denken. Der BeeAndme Bienenstockmonitor ist alles, was Ihr Bienenstock wirklich braucht.<\/p><p>For every bee keeper it is important to get reliable data of his beehives, no matter where they are located. No need to think about the confusing technical stuff like calibration of the sensors, mobile plans or the configuration. The BeeAndme bee hive monitor is all the smart your hive really needs.<\/p><p>The industrial proved load cell is the heart of the system. It is extremely accurate, comes already calibrated and is stable against any weather conditions. Completed by temperature and humidity sensors you are always up to date what the little honey collectors\u2019 homes health is. The nest temperature sensor gives you a look into the hive \u2013 remotely \u2013 without disturbing the girls and the possibility to react fast in case of any anomaly.<\/p><p>No need of getting a lot of useless messages on your phone every day, just telling you that everything is ok. The BeeAndme analytic portal only alerts you when it is really necessary but you have of course the possibility to log into the portal at any time. There you can see the all the data visualized and compare it with the other hives or locations you have in your portfolio.<\/p><p>BeeAndme \u2013 alles, was Ihr CR Projekt braucht!<\/p>\t\t\t\t\t\t\t\t<\/div>\n\t\t\t\t<\/div>\n\t\t\t\t<div class=\"elementor-element elementor-element-8a6cb3c elementor-widget elementor-widget-image\" data-id=\"8a6cb3c\" data-element_type=\"widget\" data-e-type=\"widget\" data-widget_type=\"image.default\">\n\t\t\t\t<div class=\"elementor-widget-container\">\n\t\t\t\t\t\t\t\t\t\t\t\t\t\t\t<img decoding=\"async\" width=\"1024\" height=\"576\" src=\"https:\/\/beeandme.com\/wp-content\/uploads\/2021\/03\/Gruppenbild-Event-2019-klein-1024x576.png\" class=\"attachment-large size-large wp-image-1075\" alt=\"\" srcset=\"https:\/\/beeandme.com\/wp-content\/uploads\/2021\/03\/Gruppenbild-Event-2019-klein-1024x576.png 1024w, https:\/\/beeandme.com\/wp-content\/uploads\/2021\/03\/Gruppenbild-Event-2019-klein-300x169.png 300w, https:\/\/beeandme.com\/wp-content\/uploads\/2021\/03\/Gruppenbild-Event-2019-klein-768x432.png 768w, https:\/\/beeandme.com\/wp-content\/uploads\/2021\/03\/Gruppenbild-Event-2019-klein-1536x864.png 1536w, https:\/\/beeandme.com\/wp-content\/uploads\/2021\/03\/Gruppenbild-Event-2019-klein-830x467.png 830w, https:\/\/beeandme.com\/wp-content\/uploads\/2021\/03\/Gruppenbild-Event-2019-klein-230x129.png 230w, https:\/\/beeandme.com\/wp-content\/uploads\/2021\/03\/Gruppenbild-Event-2019-klein-350x197.png 350w, https:\/\/beeandme.com\/wp-content\/uploads\/2021\/03\/Gruppenbild-Event-2019-klein-480x270.png 480w, https:\/\/beeandme.com\/wp-content\/uploads\/2021\/03\/Gruppenbild-Event-2019-klein.png 1920w\" sizes=\"(max-width: 1024px) 100vw, 1024px\" \/>\t\t\t\t\t\t\t\t\t\t\t\t\t\t\t<\/div>\n\t\t\t\t<\/div>\n\t\t\t\t<div class=\"elementor-element elementor-element-c1f17a3 elementor-widget elementor-widget-timeline-widget-addon\" data-id=\"c1f17a3\" data-element_type=\"widget\" data-e-type=\"widget\" data-widget_type=\"timeline-widget-addon.default\">\n\t\t\t\t<div class=\"elementor-widget-container\">\n\t\t\t\t\t<!-- ========= Timeline Widget Addon For Elementor 1.6.6 ========= -->\n<div id=\"twae-wrapper-c1f17a3\" class=\"twae-vertical twae-wrapper  twae-both-sided\">   \n    <div class=\"twae-start\"><\/div>    \n    <div id=\"twea-timeline-c1f17a3\" class=\"twae-timeline\" ><!-- Start of Story Repeater Content --><div id=\"story-511289c\" class=\"twae-story twae-repeater-item twae-story-right twae-story-no-icon\"><!-- Story Label --><div class=\"twae-labels\"><div class=\"twae-label-big\">2007<\/div><div class=\"twae-label-small\">Startup<\/div><\/div><!-- Story Icon --><div class=\"twae-icon\"><i aria-hidden=\"true\" class=\"far fa-clock\"><\/i><\/div><!-- Story Arrow --><div class=\"twae-arrow\"><\/div><!-- Start of Story Content --><div class=\"twae-content\"><!-- Story Title --><div class=\"twae-title\">Start der Hard- und Softwareentwicklung<\/div><!-- Story Image --><div class=\"twae-media large\"><img decoding=\"async\" width=\"768\" height=\"1024\" src=\"https:\/\/beeandme.com\/wp-content\/uploads\/2022\/04\/IMG_20190808_134804-768x1024.jpg\" class=\"attachment-large size-large\" alt=\"\" srcset=\"https:\/\/beeandme.com\/wp-content\/uploads\/2022\/04\/IMG_20190808_134804-768x1024.jpg 768w, https:\/\/beeandme.com\/wp-content\/uploads\/2022\/04\/IMG_20190808_134804-225x300.jpg 225w, https:\/\/beeandme.com\/wp-content\/uploads\/2022\/04\/IMG_20190808_134804-1152x1536.jpg 1152w, https:\/\/beeandme.com\/wp-content\/uploads\/2022\/04\/IMG_20190808_134804-1536x2048.jpg 1536w, https:\/\/beeandme.com\/wp-content\/uploads\/2022\/04\/IMG_20190808_134804-9x12.jpg 9w, https:\/\/beeandme.com\/wp-content\/uploads\/2022\/04\/IMG_20190808_134804-920x1227.jpg 920w, https:\/\/beeandme.com\/wp-content\/uploads\/2022\/04\/IMG_20190808_134804-230x307.jpg 230w, https:\/\/beeandme.com\/wp-content\/uploads\/2022\/04\/IMG_20190808_134804-350x467.jpg 350w, https:\/\/beeandme.com\/wp-content\/uploads\/2022\/04\/IMG_20190808_134804-480x640.jpg 480w, https:\/\/beeandme.com\/wp-content\/uploads\/2022\/04\/IMG_20190808_134804-scaled.jpg 1920w\" sizes=\"(max-width: 768px) 100vw, 768px\" \/><\/div><!-- Story Description --><div class=\"twae-description\"><p>Aus einer Idee, dem Opa \u00fcber ein IoT System zu helfen sind erste Prototypen und Testsysteme entstanden.<\/p><\/div><\/div><\/div><!-- Start of Story Repeater Content --><div id=\"story-3a56d7e\" class=\"twae-story twae-repeater-item twae-story-left twae-story-no-icon\"><!-- Story Label --><div class=\"twae-labels\"><div class=\"twae-label-big\">2017<\/div><div class=\"twae-label-small\">Foundation of the GmbH<\/div><\/div><!-- Story Icon --><div class=\"twae-icon\"><svg aria-hidden=\"true\" class=\"e-font-icon-svg e-fas-drafting-compass\" viewbox=\"0 0 512 512\" xmlns=\"http:\/\/www.w3.org\/2000\/svg\"><path d=\"M457.01 344.42c-25.05 20.33-52.63 37.18-82.54 49.05l54.38 94.19 53.95 23.04c9.81 4.19 20.89-2.21 22.17-12.8l7.02-58.25-54.98-95.23zm42.49-94.56c4.86-7.67 1.89-17.99-6.05-22.39l-28.07-15.57c-7.48-4.15-16.61-1.46-21.26 5.72C403.01 281.15 332.25 320 256 320c-23.93 0-47.23-4.25-69.41-11.53l67.36-116.68c.7.02 1.34.21 2.04.21s1.35-.19 2.04-.21l51.09 88.5c31.23-8.96 59.56-25.75 82.61-48.92l-51.79-89.71C347.39 128.03 352 112.63 352 96c0-53.02-42.98-96-96-96s-96 42.98-96 96c0 16.63 4.61 32.03 12.05 45.66l-68.3 118.31c-12.55-11.61-23.96-24.59-33.68-39-4.79-7.1-13.97-9.62-21.38-5.33l-27.75 16.07c-7.85 4.54-10.63 14.9-5.64 22.47 15.57 23.64 34.69 44.21 55.98 62.02L0 439.66l7.02 58.25c1.28 10.59 12.36 16.99 22.17 12.8l53.95-23.04 70.8-122.63C186.13 377.28 220.62 384 256 384c99.05 0 190.88-51.01 243.5-134.14zM256 64c17.67 0 32 14.33 32 32s-14.33 32-32 32-32-14.33-32-32 14.33-32 32-32z\"><\/path><\/svg><\/div><!-- Story Arrow --><div class=\"twae-arrow\"><\/div><!-- Start of Story Content --><div class=\"twae-content\"><!-- Story Title --><div class=\"twae-title\">We became a company<\/div><!-- Story Image --><div class=\"twae-media large\"><img loading=\"lazy\" decoding=\"async\" width=\"1024\" height=\"407\" src=\"https:\/\/beeandme.com\/wp-content\/uploads\/2020\/09\/Hauptlogo-beeandme.com_logo-1024x407.png\" class=\"attachment-large size-large\" alt=\"\" srcset=\"https:\/\/beeandme.com\/wp-content\/uploads\/2020\/09\/Hauptlogo-beeandme.com_logo-1024x407.png 1024w, https:\/\/beeandme.com\/wp-content\/uploads\/2020\/09\/Hauptlogo-beeandme.com_logo-300x119.png 300w, https:\/\/beeandme.com\/wp-content\/uploads\/2020\/09\/Hauptlogo-beeandme.com_logo-768x305.png 768w, https:\/\/beeandme.com\/wp-content\/uploads\/2020\/09\/Hauptlogo-beeandme.com_logo-1536x610.png 1536w, https:\/\/beeandme.com\/wp-content\/uploads\/2020\/09\/Hauptlogo-beeandme.com_logo-830x330.png 830w, https:\/\/beeandme.com\/wp-content\/uploads\/2020\/09\/Hauptlogo-beeandme.com_logo-230x91.png 230w, https:\/\/beeandme.com\/wp-content\/uploads\/2020\/09\/Hauptlogo-beeandme.com_logo-350x139.png 350w, https:\/\/beeandme.com\/wp-content\/uploads\/2020\/09\/Hauptlogo-beeandme.com_logo-480x191.png 480w, https:\/\/beeandme.com\/wp-content\/uploads\/2020\/09\/Hauptlogo-beeandme.com_logo.png 1770w\" sizes=\"(max-width: 1024px) 100vw, 1024px\" \/><\/div><!-- Story Description --><div class=\"twae-description\"><p>The long way from the idea to the foundation. We already had a lot of support at that time and so we were able to hold the company register entry in our hands in record time.<\/p><\/div><\/div><\/div><!-- Start of Story Repeater Content --><div id=\"story-d9f04cc\" class=\"twae-story twae-repeater-item twae-story-right twae-story-no-icon\"><!-- Story Label --><div class=\"twae-labels\"><div class=\"twae-label-big\">2019<\/div><div class=\"twae-label-small\">Standardization and scaling<\/div><\/div><!-- Story Icon --><div class=\"twae-icon\"><svg aria-hidden=\"true\" class=\"e-font-icon-svg e-fab-black-tie\" viewbox=\"0 0 448 512\" xmlns=\"http:\/\/www.w3.org\/2000\/svg\"><path d=\"M0 32v448h448V32H0zm316.5 325.2L224 445.9l-92.5-88.7 64.5-184-64.5-86.6h184.9L252 173.2l64.5 184z\"><\/path><\/svg><\/div><!-- Story Arrow --><div class=\"twae-arrow\"><\/div><!-- Start of Story Content --><div class=\"twae-content\"><!-- Story Title --><div class=\"twae-title\">We grow<\/div><!-- Story Image --><div class=\"twae-media large\"><img loading=\"lazy\" decoding=\"async\" width=\"1024\" height=\"576\" src=\"https:\/\/beeandme.com\/wp-content\/uploads\/2021\/03\/Gruppenbild-Event-2019-klein-1024x576.png\" class=\"attachment-large size-large\" alt=\"\" srcset=\"https:\/\/beeandme.com\/wp-content\/uploads\/2021\/03\/Gruppenbild-Event-2019-klein-1024x576.png 1024w, https:\/\/beeandme.com\/wp-content\/uploads\/2021\/03\/Gruppenbild-Event-2019-klein-300x169.png 300w, https:\/\/beeandme.com\/wp-content\/uploads\/2021\/03\/Gruppenbild-Event-2019-klein-768x432.png 768w, https:\/\/beeandme.com\/wp-content\/uploads\/2021\/03\/Gruppenbild-Event-2019-klein-1536x864.png 1536w, https:\/\/beeandme.com\/wp-content\/uploads\/2021\/03\/Gruppenbild-Event-2019-klein-830x467.png 830w, https:\/\/beeandme.com\/wp-content\/uploads\/2021\/03\/Gruppenbild-Event-2019-klein-230x129.png 230w, https:\/\/beeandme.com\/wp-content\/uploads\/2021\/03\/Gruppenbild-Event-2019-klein-350x197.png 350w, https:\/\/beeandme.com\/wp-content\/uploads\/2021\/03\/Gruppenbild-Event-2019-klein-480x270.png 480w, https:\/\/beeandme.com\/wp-content\/uploads\/2021\/03\/Gruppenbild-Event-2019-klein.png 1920w\" sizes=\"(max-width: 1024px) 100vw, 1024px\" \/><\/div><!-- Story Description --><div class=\"twae-description\"><p>What started out as an idea and a student project is now a professional company. With many partners such as T-Systems and Compax, we have set up a scalable platform.<\/p><\/div><\/div><\/div><!-- Start of Story Repeater Content --><div id=\"story-97e0639\" class=\"twae-story twae-repeater-item twae-story-left twae-story-no-icon\"><!-- Story Label --><div class=\"twae-labels\"><div class=\"twae-label-big\">2021<\/div><div class=\"twae-label-small\">Innovation<\/div><\/div><!-- Story Icon --><div class=\"twae-icon\"><svg aria-hidden=\"true\" class=\"e-font-icon-svg e-far-grin-beam\" viewbox=\"0 0 496 512\" xmlns=\"http:\/\/www.w3.org\/2000\/svg\"><path d=\"M248 8C111 8 0 119 0 256s111 248 248 248 248-111 248-248S385 8 248 8zm0 448c-110.3 0-200-89.7-200-200S137.7 56 248 56s200 89.7 200 200-89.7 200-200 200zm105.6-151.4c-25.9 8.3-64.4 13.1-105.6 13.1s-79.6-4.8-105.6-13.1c-9.8-3.1-19.4 5.3-17.7 15.3 7.9 47.1 71.3 80 123.3 80s115.3-32.9 123.3-80c1.6-9.8-7.7-18.4-17.7-15.3zm-235.9-72.9c3.5 1.1 7.4-.5 9.3-3.7l9.5-17c7.7-13.7 19.2-21.6 31.5-21.6s23.8 7.9 31.5 21.6l9.5 17c2.1 3.7 6.2 4.7 9.3 3.7 3.6-1.1 6-4.5 5.7-8.3-3.3-42.1-32.2-71.4-56-71.4s-52.7 29.3-56 71.4c-.3 3.7 2.1 7.2 5.7 8.3zm160 0c3.5 1.1 7.4-.5 9.3-3.7l9.5-17c7.7-13.7 19.2-21.6 31.5-21.6s23.8 7.9 31.5 21.6l9.5 17c2.1 3.7 6.2 4.7 9.3 3.7 3.6-1.1 6-4.5 5.7-8.3-3.3-42.1-32.2-71.4-56-71.4s-52.7 29.3-56 71.4c-.3 3.7 2.1 7.2 5.7 8.3z\"><\/path><\/svg><\/div><!-- Story Arrow --><div class=\"twae-arrow\"><\/div><!-- Start of Story Content --><div class=\"twae-content\"><!-- Story Title --><div class=\"twae-title\">The world's first talking digital honey jar<\/div><!-- Story Image --><div class=\"twae-media large\"><img loading=\"lazy\" decoding=\"async\" width=\"1024\" height=\"768\" src=\"https:\/\/beeandme.com\/wp-content\/uploads\/2021\/05\/PANA7436-1024x768.jpg\" class=\"attachment-large size-large\" alt=\"\" srcset=\"https:\/\/beeandme.com\/wp-content\/uploads\/2021\/05\/PANA7436-1024x768.jpg 1024w, https:\/\/beeandme.com\/wp-content\/uploads\/2021\/05\/PANA7436-300x225.jpg 300w, https:\/\/beeandme.com\/wp-content\/uploads\/2021\/05\/PANA7436-768x576.jpg 768w, https:\/\/beeandme.com\/wp-content\/uploads\/2021\/05\/PANA7436-1536x1152.jpg 1536w, https:\/\/beeandme.com\/wp-content\/uploads\/2021\/05\/PANA7436-2048x1536.jpg 2048w, https:\/\/beeandme.com\/wp-content\/uploads\/2021\/05\/PANA7436-830x623.jpg 830w, https:\/\/beeandme.com\/wp-content\/uploads\/2021\/05\/PANA7436-230x173.jpg 230w, https:\/\/beeandme.com\/wp-content\/uploads\/2021\/05\/PANA7436-350x263.jpg 350w, https:\/\/beeandme.com\/wp-content\/uploads\/2021\/05\/PANA7436-480x360.jpg 480w\" sizes=\"(max-width: 1024px) 100vw, 1024px\" \/><\/div><!-- Story Description --><div class=\"twae-description\"><p>Innovation is the spice in our projects. For example, together with Rastal and T-Systems MMS, we were able to develop a \"talking honey jar\", the so-called \"world's first digital honey jar\". <\/p><p>A complete success for our projects.<\/p><\/div><\/div><\/div><!-- Start of Story Repeater Content --><div id=\"story-f246a92\" class=\"twae-story twae-repeater-item twae-story-right twae-story-no-icon\"><!-- Story Label --><div class=\"twae-labels\"><div class=\"twae-label-big\">2022<\/div><div class=\"twae-label-small\">Neuentwicklung<\/div><\/div><!-- Story Icon --><div class=\"twae-icon\"><i aria-hidden=\"true\" class=\"far fa-clock\"><\/i><\/div><!-- Story Arrow --><div class=\"twae-arrow\"><\/div><!-- Start of Story Content --><div class=\"twae-content\"><!-- Story Title --><div class=\"twae-title\">Der Best\u00e4ubungsrechner<\/div><!-- Story Image --><div class=\"twae-media large\"><img loading=\"lazy\" decoding=\"async\" width=\"816\" height=\"567\" src=\"https:\/\/beeandme.com\/wp-content\/uploads\/2022\/10\/2000004061.png\" class=\"attachment-large size-large\" alt=\"\" srcset=\"https:\/\/beeandme.com\/wp-content\/uploads\/2022\/10\/2000004061.png 816w, https:\/\/beeandme.com\/wp-content\/uploads\/2022\/10\/2000004061-300x208.png 300w, https:\/\/beeandme.com\/wp-content\/uploads\/2022\/10\/2000004061-768x534.png 768w, https:\/\/beeandme.com\/wp-content\/uploads\/2022\/10\/2000004061-18x12.png 18w, https:\/\/beeandme.com\/wp-content\/uploads\/2022\/10\/2000004061-230x160.png 230w, https:\/\/beeandme.com\/wp-content\/uploads\/2022\/10\/2000004061-350x243.png 350w, https:\/\/beeandme.com\/wp-content\/uploads\/2022\/10\/2000004061-480x334.png 480w\" sizes=\"(max-width: 816px) 100vw, 816px\" \/><\/div><!-- Story Description --><div class=\"twae-description\"><p>Anhand der Messdaten der unserer IoT Monitore ermitteln wir die Best\u00e4ubungsleistung der Bienenv\u00f6lker. Damit wird die wirtschaftliche Leistung eines Bienenvolks anschaulich demonstriert<\/p><\/div><\/div><\/div><\/div>\n    <div class=\"twae-end\"><\/div>\n    <\/div><style type=\"text\/css\">@media (max-width: 1024px){ .twae-wrapper{--tw-ybx-size: 80px !important;}}@media (max-width: 767px){ .twae-wrapper{--tw-ybx-size: 80px !important}}<\/style>\t\t\t\t<\/div>\n\t\t\t\t<\/div>\n\t\t\t\t\t<\/div>\n\t\t<\/div>\n\t\t\t\t\t<\/div>\n\t\t<\/section>\n\t\t\t\t<\/div>","protected":false},"excerpt":{"rendered":"<p>Was ist BeeAndme? Die Gr\u00fcndungsgeschichte von BeeAndme beginnt 2017 mit einer Studentin der Elektrotechnik in Montenegro, welche ihrem Opa helfen will. Ihr [&hellip;]<\/p>","protected":false},"author":1,"featured_media":0,"parent":0,"menu_order":0,"comment_status":"closed","ping_status":"closed","template":"elementor_header_footer","meta":{"footnotes":""},"class_list":["post-64","page","type-page","status-publish","hentry"],"_links":{"self":[{"href":"https:\/\/beeandme.com\/en\/wp-json\/wp\/v2\/pages\/64","targetHints":{"allow":["GET"]}}],"collection":[{"href":"https:\/\/beeandme.com\/en\/wp-json\/wp\/v2\/pages"}],"about":[{"href":"https:\/\/beeandme.com\/en\/wp-json\/wp\/v2\/types\/page"}],"author":[{"embeddable":true,"href":"https:\/\/beeandme.com\/en\/wp-json\/wp\/v2\/users\/1"}],"replies":[{"embeddable":true,"href":"https:\/\/beeandme.com\/en\/wp-json\/wp\/v2\/comments?post=64"}],"version-history":[{"count":75,"href":"https:\/\/beeandme.com\/en\/wp-json\/wp\/v2\/pages\/64\/revisions"}],"predecessor-version":[{"id":2057,"href":"https:\/\/beeandme.com\/en\/wp-json\/wp\/v2\/pages\/64\/revisions\/2057"}],"wp:attachment":[{"href":"https:\/\/beeandme.com\/en\/wp-json\/wp\/v2\/media?parent=64"}],"curies":[{"name":"wp","href":"https:\/\/api.w.org\/{rel}","templated":true}]}}