{"id":838,"date":"2021-02-13T15:19:14","date_gmt":"2021-02-13T15:19:14","guid":{"rendered":"http:\/\/s842930577.online.de\/?page_id=838"},"modified":"2021-02-17T18:18:02","modified_gmt":"2021-02-17T18:18:02","slug":"838-2","status":"publish","type":"page","link":"https:\/\/beeandme.com\/en\/838-2\/","title":{"rendered":"Funfact"},"content":{"rendered":"<div data-elementor-type=\"wp-page\" data-elementor-id=\"838\" class=\"elementor elementor-838\" data-elementor-post-type=\"page\">\n\t\t\t\t\t\t<section class=\"elementor-section elementor-top-section elementor-element elementor-element-e307c91 elementor-section-boxed elementor-section-height-default elementor-section-height-default\" data-id=\"e307c91\" data-element_type=\"section\" data-e-type=\"section\">\n\t\t\t\t\t\t<div class=\"elementor-container elementor-column-gap-default\">\n\t\t\t\t\t<div class=\"elementor-column elementor-col-100 elementor-top-column elementor-element elementor-element-b047b2c\" data-id=\"b047b2c\" data-element_type=\"column\" data-e-type=\"column\">\n\t\t\t<div class=\"elementor-widget-wrap elementor-element-populated\">\n\t\t\t\t\t\t<div class=\"elementor-element elementor-element-487be6d elementor-widget elementor-widget-heading\" data-id=\"487be6d\" data-element_type=\"widget\" data-e-type=\"widget\" data-widget_type=\"heading.default\">\n\t\t\t\t<div class=\"elementor-widget-container\">\n\t\t\t\t\t<h2 class=\"elementor-heading-title elementor-size-default\">Funfacts \u00fcber Bienen<\/h2>\t\t\t\t<\/div>\n\t\t\t\t<\/div>\n\t\t\t\t<div class=\"elementor-element elementor-element-3b485a1 elementor-widget elementor-widget-text-editor\" data-id=\"3b485a1\" data-element_type=\"widget\" data-e-type=\"widget\" data-widget_type=\"text-editor.default\">\n\t\t\t\t<div class=\"elementor-widget-container\">\n\t\t\t\t\t\t\t\t\t<p>Was Sie schon immer wissen wollten:<\/p>\t\t\t\t\t\t\t\t<\/div>\n\t\t\t\t<\/div>\n\t\t\t\t\t<\/div>\n\t\t<\/div>\n\t\t\t\t\t<\/div>\n\t\t<\/section>\n\t\t\t\t<section class=\"elementor-section elementor-top-section elementor-element elementor-element-e5508f3 elementor-section-full_width elementor-section-stretched elementor-section-height-default elementor-section-height-default\" data-id=\"e5508f3\" data-element_type=\"section\" data-e-type=\"section\" data-settings=\"{&quot;stretch_section&quot;:&quot;section-stretched&quot;}\">\n\t\t\t\t\t\t<div class=\"elementor-container elementor-column-gap-default\">\n\t\t\t\t\t<div class=\"elementor-column elementor-col-100 elementor-top-column elementor-element elementor-element-301e978\" data-id=\"301e978\" data-element_type=\"column\" data-e-type=\"column\">\n\t\t\t<div class=\"elementor-widget-wrap elementor-element-populated\">\n\t\t\t\t\t\t<section class=\"elementor-section elementor-inner-section elementor-element elementor-element-e840fe1 elementor-section-full_width elementor-section-height-default elementor-section-height-default\" data-id=\"e840fe1\" data-element_type=\"section\" data-e-type=\"section\">\n\t\t\t\t\t\t<div class=\"elementor-container elementor-column-gap-default\">\n\t\t\t\t\t<div class=\"elementor-column elementor-col-50 elementor-inner-column elementor-element elementor-element-03008f3\" data-id=\"03008f3\" data-element_type=\"column\" data-e-type=\"column\">\n\t\t\t<div class=\"elementor-widget-wrap elementor-element-populated\">\n\t\t\t\t\t\t<div class=\"elementor-element elementor-element-927fc84 elementor-position-top elementor-widget elementor-widget-image-box\" data-id=\"927fc84\" data-element_type=\"widget\" data-e-type=\"widget\" data-widget_type=\"image-box.default\">\n\t\t\t\t<div class=\"elementor-widget-container\">\n\t\t\t\t\t<div class=\"elementor-image-box-wrapper\"><figure class=\"elementor-image-box-img\"><img fetchpriority=\"high\" decoding=\"async\" width=\"2560\" height=\"1920\" src=\"https:\/\/beeandme.com\/wp-content\/uploads\/2021\/01\/MVIMG_20200727_102257-scaled.jpg\" class=\"attachment-full size-full wp-image-225\" alt=\"\" srcset=\"https:\/\/beeandme.com\/wp-content\/uploads\/2021\/01\/MVIMG_20200727_102257-scaled.jpg 2560w, https:\/\/beeandme.com\/wp-content\/uploads\/2021\/01\/MVIMG_20200727_102257-300x225.jpg 300w, https:\/\/beeandme.com\/wp-content\/uploads\/2021\/01\/MVIMG_20200727_102257-1024x768.jpg 1024w, https:\/\/beeandme.com\/wp-content\/uploads\/2021\/01\/MVIMG_20200727_102257-768x576.jpg 768w, https:\/\/beeandme.com\/wp-content\/uploads\/2021\/01\/MVIMG_20200727_102257-1536x1152.jpg 1536w, https:\/\/beeandme.com\/wp-content\/uploads\/2021\/01\/MVIMG_20200727_102257-2048x1536.jpg 2048w, https:\/\/beeandme.com\/wp-content\/uploads\/2021\/01\/MVIMG_20200727_102257-830x623.jpg 830w, https:\/\/beeandme.com\/wp-content\/uploads\/2021\/01\/MVIMG_20200727_102257-230x173.jpg 230w, https:\/\/beeandme.com\/wp-content\/uploads\/2021\/01\/MVIMG_20200727_102257-350x263.jpg 350w, https:\/\/beeandme.com\/wp-content\/uploads\/2021\/01\/MVIMG_20200727_102257-480x360.jpg 480w\" sizes=\"(max-width: 2560px) 100vw, 2560px\" \/><\/figure><div class=\"elementor-image-box-content\"><h3 class=\"elementor-image-box-title\">Bienenschwarm<\/h3><p class=\"elementor-image-box-description\">Im Fr\u00fchjahr, wenn es warm genug ist, bildet sich im Bienenstaat eine neue K\u00f6nigin. H\u00e4ufig ist es sogar mehr als eine. Ist die junge K\u00f6nigin kurz vor dem schl\u00fcpfen, zieht die alte K\u00f6nigin mit ungef\u00e4hr der H\u00e4lfte der Bienen aus und sucht eine neue Bleibe. Das Schauspiel ist beeindruckend, wenn mehrere tausend Bienen vorbeifliegen. Sie sammeln sich h\u00e4ufig als Traube an B\u00e4umen.<\/p><\/div><\/div>\t\t\t\t<\/div>\n\t\t\t\t<\/div>\n\t\t\t\t\t<\/div>\n\t\t<\/div>\n\t\t\t\t<div class=\"elementor-column elementor-col-50 elementor-inner-column elementor-element elementor-element-cdd8698\" data-id=\"cdd8698\" data-element_type=\"column\" data-e-type=\"column\">\n\t\t\t<div class=\"elementor-widget-wrap elementor-element-populated\">\n\t\t\t\t\t\t<div class=\"elementor-element elementor-element-9f3a7b5 elementor-position-top elementor-widget elementor-widget-image-box\" data-id=\"9f3a7b5\" data-element_type=\"widget\" data-e-type=\"widget\" data-widget_type=\"image-box.default\">\n\t\t\t\t<div class=\"elementor-widget-container\">\n\t\t\t\t\t<div class=\"elementor-image-box-wrapper\"><figure class=\"elementor-image-box-img\"><img fetchpriority=\"high\" decoding=\"async\" width=\"2560\" height=\"1920\" src=\"https:\/\/beeandme.com\/wp-content\/uploads\/2021\/01\/MVIMG_20200727_102257-scaled.jpg\" class=\"attachment-full size-full wp-image-225\" alt=\"\" srcset=\"https:\/\/beeandme.com\/wp-content\/uploads\/2021\/01\/MVIMG_20200727_102257-scaled.jpg 2560w, https:\/\/beeandme.com\/wp-content\/uploads\/2021\/01\/MVIMG_20200727_102257-300x225.jpg 300w, https:\/\/beeandme.com\/wp-content\/uploads\/2021\/01\/MVIMG_20200727_102257-1024x768.jpg 1024w, https:\/\/beeandme.com\/wp-content\/uploads\/2021\/01\/MVIMG_20200727_102257-768x576.jpg 768w, https:\/\/beeandme.com\/wp-content\/uploads\/2021\/01\/MVIMG_20200727_102257-1536x1152.jpg 1536w, https:\/\/beeandme.com\/wp-content\/uploads\/2021\/01\/MVIMG_20200727_102257-2048x1536.jpg 2048w, https:\/\/beeandme.com\/wp-content\/uploads\/2021\/01\/MVIMG_20200727_102257-830x623.jpg 830w, https:\/\/beeandme.com\/wp-content\/uploads\/2021\/01\/MVIMG_20200727_102257-230x173.jpg 230w, https:\/\/beeandme.com\/wp-content\/uploads\/2021\/01\/MVIMG_20200727_102257-350x263.jpg 350w, https:\/\/beeandme.com\/wp-content\/uploads\/2021\/01\/MVIMG_20200727_102257-480x360.jpg 480w\" sizes=\"(max-width: 2560px) 100vw, 2560px\" \/><\/figure><div class=\"elementor-image-box-content\"><h3 class=\"elementor-image-box-title\">Gelee Royal vs. Futtersaft<\/h3><p class=\"elementor-image-box-description\">Im Fr\u00fchjahr, wenn es warm genug ist, bildet sich im Bienenstaat eine neue K\u00f6nigin. H\u00e4ufig ist es sogar mehr als eine. Ist die junge K\u00f6nigin kurz vor dem schl\u00fcpfen, zieht die alte K\u00f6nigin mit ungef\u00e4hr der H\u00e4lfte der Bienen aus und sucht eine neue Bleibe. Das Schauspiel ist beeindruckend, wenn mehrere tausend Bienen vorbeifliegen. Sie sammeln sich h\u00e4ufig als Traube an B\u00e4umen.<\/p><\/div><\/div>\t\t\t\t<\/div>\n\t\t\t\t<\/div>\n\t\t\t\t\t<\/div>\n\t\t<\/div>\n\t\t\t\t\t<\/div>\n\t\t<\/section>\n\t\t\t\t<div class=\"elementor-element elementor-element-fee17ba elementor-testimonial--skin-default elementor-testimonial--layout-image_inline elementor-testimonial--align-center elementor-arrows-yes elementor-pagination-type-bullets elementor-widget elementor-widget-testimonial-carousel\" data-id=\"fee17ba\" data-element_type=\"widget\" data-e-type=\"widget\" data-settings=\"{&quot;show_arrows&quot;:&quot;yes&quot;,&quot;pagination&quot;:&quot;bullets&quot;,&quot;speed&quot;:500,&quot;autoplay&quot;:&quot;yes&quot;,&quot;autoplay_speed&quot;:5000,&quot;loop&quot;:&quot;yes&quot;,&quot;pause_on_hover&quot;:&quot;yes&quot;,&quot;pause_on_interaction&quot;:&quot;yes&quot;,&quot;space_between&quot;:{&quot;unit&quot;:&quot;px&quot;,&quot;size&quot;:10,&quot;sizes&quot;:[]},&quot;space_between_tablet&quot;:{&quot;unit&quot;:&quot;px&quot;,&quot;size&quot;:10,&quot;sizes&quot;:[]},&quot;space_between_mobile&quot;:{&quot;unit&quot;:&quot;px&quot;,&quot;size&quot;:10,&quot;sizes&quot;:[]}}\" data-widget_type=\"testimonial-carousel.default\">\n\t\t\t\t<div class=\"elementor-widget-container\">\n\t\t\t\t\t\t\t\t\t<div class=\"elementor-swiper\">\n\t\t\t\t\t<div class=\"elementor-main-swiper swiper\" role=\"region\" aria-roledescription=\"carousel\" aria-label=\"Slides\">\n\t\t\t\t<div class=\"swiper-wrapper\">\n\t\t\t\t\t\t\t\t\t\t\t<div class=\"swiper-slide\" role=\"group\" aria-roledescription=\"slide\">\n\t\t\t\t\t\t\t\t\t<div class=\"elementor-testimonial\">\n\t\t\t\t\t\t\t<div class=\"elementor-testimonial__content\">\n\t\t\t\t\t<div class=\"elementor-testimonial__text\">\n\t\t\t\t\t\tLorem ipsum dolor sit amet, consectetur adipiscing elit. Ut elit tellus, luctus nec ullamcorper mattis, pulvinar dapibus leo.\t\t\t\t\t<\/div>\n\t\t\t\t\t\t\t\t\t<\/div>\n\t\t\t\t\t\t<div class=\"elementor-testimonial__footer\">\n\t\t\t\t\t\t\t\t\t<div class=\"elementor-testimonial__image\">\n\t\t\t\t\t\t<img decoding=\"async\" src=\"http:\/\/beeandme.com\/wp-content\/plugins\/elementor\/assets\/images\/placeholder.png\" alt=\"John Doe\">\n\t\t\t\t\t\t\t\t\t\t\t<\/div>\n\t\t\t\t\t\t\t\t<cite class=\"elementor-testimonial__cite\"><span class=\"elementor-testimonial__name\">John Doe<\/span><span class=\"elementor-testimonial__title\">CEO<\/span><\/cite>\t\t\t<\/div>\n\t\t<\/div>\n\t\t\t\t\t\t\t\t<\/div>\n\t\t\t\t\t\t\t\t\t\t\t<div class=\"swiper-slide\" role=\"group\" aria-roledescription=\"slide\">\n\t\t\t\t\t\t\t\t\t<div class=\"elementor-testimonial\">\n\t\t\t\t\t\t\t<div class=\"elementor-testimonial__content\">\n\t\t\t\t\t<div class=\"elementor-testimonial__text\">\n\t\t\t\t\t\tLorem ipsum dolor sit amet, consectetur adipiscing elit. Ut elit tellus, luctus nec ullamcorper mattis, pulvinar dapibus leo.\t\t\t\t\t<\/div>\n\t\t\t\t\t\t\t\t\t<\/div>\n\t\t\t\t\t\t<div class=\"elementor-testimonial__footer\">\n\t\t\t\t\t\t\t\t\t<div class=\"elementor-testimonial__image\">\n\t\t\t\t\t\t<img decoding=\"async\" src=\"http:\/\/beeandme.com\/wp-content\/plugins\/elementor\/assets\/images\/placeholder.png\" alt=\"John Doe\">\n\t\t\t\t\t\t\t\t\t\t\t<\/div>\n\t\t\t\t\t\t\t\t<cite class=\"elementor-testimonial__cite\"><span class=\"elementor-testimonial__name\">John Doe<\/span><span class=\"elementor-testimonial__title\">CEO<\/span><\/cite>\t\t\t<\/div>\n\t\t<\/div>\n\t\t\t\t\t\t\t\t<\/div>\n\t\t\t\t\t\t\t\t\t\t\t<div class=\"swiper-slide\" role=\"group\" aria-roledescription=\"slide\">\n\t\t\t\t\t\t\t\t\t<div class=\"elementor-testimonial\">\n\t\t\t\t\t\t\t<div class=\"elementor-testimonial__content\">\n\t\t\t\t\t<div class=\"elementor-testimonial__text\">\n\t\t\t\t\t\tLorem ipsum dolor sit amet, consectetur adipiscing elit. Ut elit tellus, luctus nec ullamcorper mattis, pulvinar dapibus leo.\t\t\t\t\t<\/div>\n\t\t\t\t\t\t\t\t\t<\/div>\n\t\t\t\t\t\t<div class=\"elementor-testimonial__footer\">\n\t\t\t\t\t\t\t\t\t<div class=\"elementor-testimonial__image\">\n\t\t\t\t\t\t<img decoding=\"async\" src=\"http:\/\/beeandme.com\/wp-content\/plugins\/elementor\/assets\/images\/placeholder.png\" alt=\"John Doe\">\n\t\t\t\t\t\t\t\t\t\t\t<\/div>\n\t\t\t\t\t\t\t\t<cite class=\"elementor-testimonial__cite\"><span class=\"elementor-testimonial__name\">John Doe<\/span><span class=\"elementor-testimonial__title\">CEO<\/span><\/cite>\t\t\t<\/div>\n\t\t<\/div>\n\t\t\t\t\t\t\t\t<\/div>\n\t\t\t\t\t\t\t\t\t<\/div>\n\t\t\t\t\t\t\t\t\t\t\t\t\t\t\t<div class=\"elementor-swiper-button elementor-swiper-button-prev\" role=\"button\" tabindex=\"0\" aria-label=\"Previous\">\n\t\t\t\t\t\t\t<svg aria-hidden=\"true\" class=\"e-font-icon-svg e-eicon-chevron-left\" viewbox=\"0 0 1000 1000\" xmlns=\"http:\/\/www.w3.org\/2000\/svg\"><path d=\"M646 125C629 125 613 133 604 142L308 442C296 454 292 471 292 487 292 504 296 521 308 533L604 854C617 867 629 875 646 875 663 875 679 871 692 858 704 846 713 829 713 812 713 796 708 779 692 767L438 487 692 225C700 217 708 204 708 187 708 171 704 154 692 142 675 129 663 125 646 125Z\"><\/path><\/svg>\t\t\t\t\t\t<\/div>\n\t\t\t\t\t\t<div class=\"elementor-swiper-button elementor-swiper-button-next\" role=\"button\" tabindex=\"0\" aria-label=\"Next\">\n\t\t\t\t\t\t\t<svg aria-hidden=\"true\" class=\"e-font-icon-svg e-eicon-chevron-right\" viewbox=\"0 0 1000 1000\" xmlns=\"http:\/\/www.w3.org\/2000\/svg\"><path d=\"M696 533C708 521 713 504 713 487 713 471 708 454 696 446L400 146C388 133 375 125 354 125 338 125 325 129 313 142 300 154 292 171 292 187 292 204 296 221 308 233L563 492 304 771C292 783 288 800 288 817 288 833 296 850 308 863 321 871 338 875 354 875 371 875 388 867 400 854L696 533Z\"><\/path><\/svg>\t\t\t\t\t\t<\/div>\n\t\t\t\t\t\t\t\t\t\t\t\t\t\t\t\t<div class=\"swiper-pagination\"><\/div>\n\t\t\t\t\t\t\t\t\t\t\t\t<\/div>\n\t\t\t\t<\/div>\n\t\t\t\t\t\t\t\t<\/div>\n\t\t\t\t<\/div>\n\t\t\t\t<section class=\"elementor-section elementor-inner-section elementor-element elementor-element-b350722 elementor-section-full_width elementor-section-height-default elementor-section-height-default\" data-id=\"b350722\" data-element_type=\"section\" data-e-type=\"section\">\n\t\t\t\t\t\t<div class=\"elementor-container elementor-column-gap-default\">\n\t\t\t\t\t<div class=\"elementor-column elementor-col-50 elementor-inner-column elementor-element elementor-element-7e248df\" data-id=\"7e248df\" data-element_type=\"column\" data-e-type=\"column\">\n\t\t\t<div class=\"elementor-widget-wrap elementor-element-populated\">\n\t\t\t\t\t\t<div class=\"elementor-element elementor-element-ca7c4ee elementor-position-top elementor-widget elementor-widget-image-box\" data-id=\"ca7c4ee\" data-element_type=\"widget\" data-e-type=\"widget\" data-widget_type=\"image-box.default\">\n\t\t\t\t<div class=\"elementor-widget-container\">\n\t\t\t\t\t<div class=\"elementor-image-box-wrapper\"><figure class=\"elementor-image-box-img\"><img fetchpriority=\"high\" decoding=\"async\" width=\"2560\" height=\"1920\" src=\"https:\/\/beeandme.com\/wp-content\/uploads\/2021\/01\/MVIMG_20200727_102257-scaled.jpg\" class=\"attachment-full size-full wp-image-225\" alt=\"\" srcset=\"https:\/\/beeandme.com\/wp-content\/uploads\/2021\/01\/MVIMG_20200727_102257-scaled.jpg 2560w, https:\/\/beeandme.com\/wp-content\/uploads\/2021\/01\/MVIMG_20200727_102257-300x225.jpg 300w, https:\/\/beeandme.com\/wp-content\/uploads\/2021\/01\/MVIMG_20200727_102257-1024x768.jpg 1024w, https:\/\/beeandme.com\/wp-content\/uploads\/2021\/01\/MVIMG_20200727_102257-768x576.jpg 768w, https:\/\/beeandme.com\/wp-content\/uploads\/2021\/01\/MVIMG_20200727_102257-1536x1152.jpg 1536w, https:\/\/beeandme.com\/wp-content\/uploads\/2021\/01\/MVIMG_20200727_102257-2048x1536.jpg 2048w, https:\/\/beeandme.com\/wp-content\/uploads\/2021\/01\/MVIMG_20200727_102257-830x623.jpg 830w, https:\/\/beeandme.com\/wp-content\/uploads\/2021\/01\/MVIMG_20200727_102257-230x173.jpg 230w, https:\/\/beeandme.com\/wp-content\/uploads\/2021\/01\/MVIMG_20200727_102257-350x263.jpg 350w, https:\/\/beeandme.com\/wp-content\/uploads\/2021\/01\/MVIMG_20200727_102257-480x360.jpg 480w\" sizes=\"(max-width: 2560px) 100vw, 2560px\" \/><\/figure><div class=\"elementor-image-box-content\"><h3 class=\"elementor-image-box-title\">K\u00f6nigin, Arbeiterin, Drohn<\/h3><p class=\"elementor-image-box-description\">Im Fr\u00fchjahr, wenn es warm genug ist, bildet sich im Bienenstaat eine neue K\u00f6nigin. H\u00e4ufig ist es sogar mehr als eine. Ist die junge K\u00f6nigin kurz vor dem schl\u00fcpfen, zieht die alte K\u00f6nigin mit ungef\u00e4hr der H\u00e4lfte der Bienen aus und sucht eine neue Bleibe. Das Schauspiel ist beeindruckend, wenn mehrere tausend Bienen vorbeifliegen. Sie sammeln sich h\u00e4ufig als Traube an B\u00e4umen.<\/p><\/div><\/div>\t\t\t\t<\/div>\n\t\t\t\t<\/div>\n\t\t\t\t\t<\/div>\n\t\t<\/div>\n\t\t\t\t<div class=\"elementor-column elementor-col-50 elementor-inner-column elementor-element elementor-element-b500070\" data-id=\"b500070\" data-element_type=\"column\" data-e-type=\"column\">\n\t\t\t<div class=\"elementor-widget-wrap elementor-element-populated\">\n\t\t\t\t\t\t<div class=\"elementor-element elementor-element-371485d elementor-position-top elementor-widget elementor-widget-image-box\" data-id=\"371485d\" data-element_type=\"widget\" data-e-type=\"widget\" data-widget_type=\"image-box.default\">\n\t\t\t\t<div class=\"elementor-widget-container\">\n\t\t\t\t\t<div class=\"elementor-image-box-wrapper\"><figure class=\"elementor-image-box-img\"><img fetchpriority=\"high\" decoding=\"async\" width=\"2560\" height=\"1920\" src=\"https:\/\/beeandme.com\/wp-content\/uploads\/2021\/01\/MVIMG_20200727_102257-scaled.jpg\" class=\"attachment-full size-full wp-image-225\" alt=\"\" srcset=\"https:\/\/beeandme.com\/wp-content\/uploads\/2021\/01\/MVIMG_20200727_102257-scaled.jpg 2560w, https:\/\/beeandme.com\/wp-content\/uploads\/2021\/01\/MVIMG_20200727_102257-300x225.jpg 300w, https:\/\/beeandme.com\/wp-content\/uploads\/2021\/01\/MVIMG_20200727_102257-1024x768.jpg 1024w, https:\/\/beeandme.com\/wp-content\/uploads\/2021\/01\/MVIMG_20200727_102257-768x576.jpg 768w, https:\/\/beeandme.com\/wp-content\/uploads\/2021\/01\/MVIMG_20200727_102257-1536x1152.jpg 1536w, https:\/\/beeandme.com\/wp-content\/uploads\/2021\/01\/MVIMG_20200727_102257-2048x1536.jpg 2048w, https:\/\/beeandme.com\/wp-content\/uploads\/2021\/01\/MVIMG_20200727_102257-830x623.jpg 830w, https:\/\/beeandme.com\/wp-content\/uploads\/2021\/01\/MVIMG_20200727_102257-230x173.jpg 230w, https:\/\/beeandme.com\/wp-content\/uploads\/2021\/01\/MVIMG_20200727_102257-350x263.jpg 350w, https:\/\/beeandme.com\/wp-content\/uploads\/2021\/01\/MVIMG_20200727_102257-480x360.jpg 480w\" sizes=\"(max-width: 2560px) 100vw, 2560px\" \/><\/figure><div class=\"elementor-image-box-content\"><h3 class=\"elementor-image-box-title\">Wie viele Tiere?<\/h3><p class=\"elementor-image-box-description\">Im Fr\u00fchjahr, wenn es warm genug ist, bildet sich im Bienenstaat eine neue K\u00f6nigin. H\u00e4ufig ist es sogar mehr als eine. Ist die junge K\u00f6nigin kurz vor dem schl\u00fcpfen, zieht die alte K\u00f6nigin mit ungef\u00e4hr der H\u00e4lfte der Bienen aus und sucht eine neue Bleibe. Das Schauspiel ist beeindruckend, wenn mehrere tausend Bienen vorbeifliegen. Sie sammeln sich h\u00e4ufig als Traube an B\u00e4umen.<\/p><\/div><\/div>\t\t\t\t<\/div>\n\t\t\t\t<\/div>\n\t\t\t\t\t<\/div>\n\t\t<\/div>\n\t\t\t\t\t<\/div>\n\t\t<\/section>\n\t\t\t\t\t<\/div>\n\t\t<\/div>\n\t\t\t\t\t<\/div>\n\t\t<\/section>\n\t\t\t\t<\/div>","protected":false},"excerpt":{"rendered":"<p>Funfacts \u00fcber Bienen Was Sie schon immer wissen wollten: Bienenschwarm Im Fr\u00fchjahr, wenn es warm genug ist, bildet sich im Bienenstaat eine [&hellip;]<\/p>","protected":false},"author":1,"featured_media":679,"parent":0,"menu_order":0,"comment_status":"closed","ping_status":"closed","template":"elementor_header_footer","meta":{"footnotes":""},"class_list":["post-838","page","type-page","status-publish","has-post-thumbnail","hentry"],"_links":{"self":[{"href":"https:\/\/beeandme.com\/en\/wp-json\/wp\/v2\/pages\/838","targetHints":{"allow":["GET"]}}],"collection":[{"href":"https:\/\/beeandme.com\/en\/wp-json\/wp\/v2\/pages"}],"about":[{"href":"https:\/\/beeandme.com\/en\/wp-json\/wp\/v2\/types\/page"}],"author":[{"embeddable":true,"href":"https:\/\/beeandme.com\/en\/wp-json\/wp\/v2\/users\/1"}],"replies":[{"embeddable":true,"href":"https:\/\/beeandme.com\/en\/wp-json\/wp\/v2\/comments?post=838"}],"version-history":[{"count":23,"href":"https:\/\/beeandme.com\/en\/wp-json\/wp\/v2\/pages\/838\/revisions"}],"predecessor-version":[{"id":864,"href":"https:\/\/beeandme.com\/en\/wp-json\/wp\/v2\/pages\/838\/revisions\/864"}],"wp:featuredmedia":[{"embeddable":true,"href":"https:\/\/beeandme.com\/en\/wp-json\/wp\/v2\/media\/679"}],"wp:attachment":[{"href":"https:\/\/beeandme.com\/en\/wp-json\/wp\/v2\/media?parent=838"}],"curies":[{"name":"wp","href":"https:\/\/api.w.org\/{rel}","templated":true}]}}